{"id":15,"date":"2021-11-21T15:14:41","date_gmt":"2021-11-21T15:14:41","guid":{"rendered":"https:\/\/sunnywriting.com\/services\/"},"modified":"2025-03-14T15:10:27","modified_gmt":"2025-03-14T14:10:27","slug":"services","status":"publish","type":"page","link":"https:\/\/sunnywriting.com\/es\/services\/","title":{"rendered":"Servicios"},"content":{"rendered":"<div data-elementor-type=\"wp-page\" data-elementor-id=\"15\" class=\"elementor elementor-15\">\n\t\t\t\t\t\t<section class=\"elementor-section elementor-top-section elementor-element elementor-element-6f57d69 elementor-section-height-min-height elementor-section-boxed elementor-section-height-default elementor-section-items-middle\" data-id=\"6f57d69\" data-element_type=\"section\" data-settings=\"{&quot;background_background&quot;:&quot;classic&quot;}\">\n\t\t\t\t\t\t<div class=\"elementor-container elementor-column-gap-default\">\n\t\t\t\t\t<div class=\"elementor-column elementor-col-100 elementor-top-column elementor-element elementor-element-47228c7\" data-id=\"47228c7\" data-element_type=\"column\">\n\t\t\t<div class=\"elementor-widget-wrap elementor-element-populated\">\n\t\t\t\t\t\t<div class=\"elementor-element elementor-element-745baeb elementor-widget elementor-widget-heading\" data-id=\"745baeb\" data-element_type=\"widget\" data-widget_type=\"heading.default\">\n\t\t\t\t<div class=\"elementor-widget-container\">\n\t\t\t\t\t<h1 class=\"elementor-heading-title elementor-size-default\">Servicios<\/h1>\t\t\t\t<\/div>\n\t\t\t\t<\/div>\n\t\t\t\t\t<\/div>\n\t\t<\/div>\n\t\t\t\t\t<\/div>\n\t\t<\/section>\n\t\t\t\t<section class=\"elementor-section elementor-top-section elementor-element elementor-element-52d0bfe elementor-section-boxed elementor-section-height-default elementor-section-height-default\" data-id=\"52d0bfe\" data-element_type=\"section\">\n\t\t\t\t\t\t<div class=\"elementor-container elementor-column-gap-default\">\n\t\t\t\t\t<div class=\"elementor-column elementor-col-100 elementor-top-column elementor-element elementor-element-59ef73d\" data-id=\"59ef73d\" data-element_type=\"column\">\n\t\t\t<div class=\"elementor-widget-wrap\">\n\t\t\t\t\t\t\t<\/div>\n\t\t<\/div>\n\t\t\t\t\t<\/div>\n\t\t<\/section>\n\t\t\t\t<section class=\"elementor-section elementor-top-section elementor-element elementor-element-a8f7aed elementor-reverse-mobile elementor-section-boxed elementor-section-height-default elementor-section-height-default\" data-id=\"a8f7aed\" data-element_type=\"section\">\n\t\t\t\t\t\t<div class=\"elementor-container elementor-column-gap-default\">\n\t\t\t\t\t<div class=\"elementor-column elementor-col-50 elementor-top-column elementor-element elementor-element-02bda06\" data-id=\"02bda06\" data-element_type=\"column\">\n\t\t\t<div class=\"elementor-widget-wrap elementor-element-populated\">\n\t\t\t\t\t\t<div class=\"elementor-element elementor-element-087cd5c elementor-widget elementor-widget-image\" data-id=\"087cd5c\" data-element_type=\"widget\" data-widget_type=\"image.default\">\n\t\t\t\t<div class=\"elementor-widget-container\">\n\t\t\t\t\t\t\t\t\t\t\t\t\t\t\t<img fetchpriority=\"high\" decoding=\"async\" width=\"1920\" height=\"2560\" src=\"https:\/\/sunnywriting.com\/wp-content\/uploads\/2023\/03\/arno-senoner-daBUt7_C_q4-unsplash.jpg\" class=\"attachment-full size-full wp-image-2037\" alt=\"\" srcset=\"https:\/\/sunnywriting.com\/wp-content\/uploads\/2023\/03\/arno-senoner-daBUt7_C_q4-unsplash.jpg 1920w, https:\/\/sunnywriting.com\/wp-content\/uploads\/2023\/03\/arno-senoner-daBUt7_C_q4-unsplash-225x300.jpg 225w, https:\/\/sunnywriting.com\/wp-content\/uploads\/2023\/03\/arno-senoner-daBUt7_C_q4-unsplash-768x1024.jpg 768w, https:\/\/sunnywriting.com\/wp-content\/uploads\/2023\/03\/arno-senoner-daBUt7_C_q4-unsplash-1152x1536.jpg 1152w, https:\/\/sunnywriting.com\/wp-content\/uploads\/2023\/03\/arno-senoner-daBUt7_C_q4-unsplash-1536x2048.jpg 1536w\" sizes=\"(max-width: 1920px) 100vw, 1920px\" \/>\t\t\t\t\t\t\t\t\t\t\t\t\t\t\t<\/div>\n\t\t\t\t<\/div>\n\t\t\t\t\t<\/div>\n\t\t<\/div>\n\t\t\t\t<div class=\"elementor-column elementor-col-50 elementor-top-column elementor-element elementor-element-f1f2bc2\" data-id=\"f1f2bc2\" data-element_type=\"column\">\n\t\t\t<div class=\"elementor-widget-wrap elementor-element-populated\">\n\t\t\t\t\t\t<div class=\"elementor-element elementor-element-34a10af elementor-widget__width-initial elementor-widget elementor-widget-heading\" data-id=\"34a10af\" data-element_type=\"widget\" data-widget_type=\"heading.default\">\n\t\t\t\t<div class=\"elementor-widget-container\">\n\t\t\t\t\t<h3 class=\"elementor-heading-title elementor-size-default\">Copywriting creativo<br>en ingl\u00e9s.<\/h3>\t\t\t\t<\/div>\n\t\t\t\t<\/div>\n\t\t\t\t<div class=\"elementor-element elementor-element-dc0f3cb elementor-widget elementor-widget-text-editor\" data-id=\"dc0f3cb\" data-element_type=\"widget\" data-widget_type=\"text-editor.default\">\n\t\t\t\t<div class=\"elementor-widget-container\">\n\t\t\t\t\t\t\t\t\t<ul><li>Copy creativo<\/li><li>Contenidos de marketing digital<\/li><li>P\u00e1ginas web<\/li><li>Copy UX<\/li><li>Posts para redes sociales<\/li><li>Newsletters<\/li><li>Email marketing<\/li><li>Art\u00edculos<\/li><li>Entradas de blog<\/li><li>Contenidos de SEO<\/li><li>Presentaciones corporativas<\/li><li>Comunicaciones internas<\/li><li style=\"font-size: 17px;\">Informes<\/li><li>Folletos<\/li><li>Textos creativos<\/li><li>Declaraciones de artista<\/li><li>Paneles y etiquetas para exposiciones<\/li><\/ul>\t\t\t\t\t\t\t\t<\/div>\n\t\t\t\t<\/div>\n\t\t\t\t\t<\/div>\n\t\t<\/div>\n\t\t\t\t\t<\/div>\n\t\t<\/section>\n\t\t\t\t<section class=\"elementor-section elementor-top-section elementor-element elementor-element-8157e71 elementor-section-boxed elementor-section-height-default elementor-section-height-default\" data-id=\"8157e71\" data-element_type=\"section\">\n\t\t\t\t\t\t<div class=\"elementor-container elementor-column-gap-default\">\n\t\t\t\t\t<div class=\"elementor-column elementor-col-50 elementor-top-column elementor-element elementor-element-400a51f\" data-id=\"400a51f\" data-element_type=\"column\">\n\t\t\t<div class=\"elementor-widget-wrap elementor-element-populated\">\n\t\t\t\t\t\t<div class=\"elementor-element elementor-element-8d1da40 elementor-widget elementor-widget-image\" data-id=\"8d1da40\" data-element_type=\"widget\" data-widget_type=\"image.default\">\n\t\t\t\t<div class=\"elementor-widget-container\">\n\t\t\t\t\t\t\t\t\t\t\t\t\t\t\t<img decoding=\"async\" width=\"640\" height=\"800\" src=\"https:\/\/sunnywriting.com\/wp-content\/uploads\/2025\/03\/leio-mclaren-FwdZYz0yc9g-unsplash.jpg\" class=\"attachment-large size-large wp-image-2542\" alt=\"\" srcset=\"https:\/\/sunnywriting.com\/wp-content\/uploads\/2025\/03\/leio-mclaren-FwdZYz0yc9g-unsplash.jpg 640w, https:\/\/sunnywriting.com\/wp-content\/uploads\/2025\/03\/leio-mclaren-FwdZYz0yc9g-unsplash-240x300.jpg 240w, https:\/\/sunnywriting.com\/wp-content\/uploads\/2025\/03\/leio-mclaren-FwdZYz0yc9g-unsplash-10x12.jpg 10w\" sizes=\"(max-width: 640px) 100vw, 640px\" \/>\t\t\t\t\t\t\t\t\t\t\t\t\t\t\t<\/div>\n\t\t\t\t<\/div>\n\t\t\t\t\t<\/div>\n\t\t<\/div>\n\t\t\t\t<div class=\"elementor-column elementor-col-50 elementor-top-column elementor-element elementor-element-e2fd773\" data-id=\"e2fd773\" data-element_type=\"column\">\n\t\t\t<div class=\"elementor-widget-wrap elementor-element-populated\">\n\t\t\t\t\t\t<div class=\"elementor-element elementor-element-5a6f99f elementor-widget elementor-widget-heading\" data-id=\"5a6f99f\" data-element_type=\"widget\" data-widget_type=\"heading.default\">\n\t\t\t\t<div class=\"elementor-widget-container\">\n\t\t\t\t\t<h3 class=\"elementor-heading-title elementor-size-default\">Traducciones de espa\u00f1ol a ingl\u00e9s.<\/h3>\t\t\t\t<\/div>\n\t\t\t\t<\/div>\n\t\t\t\t<div class=\"elementor-element elementor-element-d96090c elementor-widget elementor-widget-text-editor\" data-id=\"d96090c\" data-element_type=\"widget\" data-widget_type=\"text-editor.default\">\n\t\t\t\t<div class=\"elementor-widget-container\">\n\t\t\t\t\t\t\t\t\t<ul><li style=\"list-style-type: none;\"><ul><li style=\"font-size: 17px;\">Copy creativo<\/li><li style=\"font-size: 17px;\">Contenidos de marketing digital<\/li><li style=\"font-size: 17px;\">P\u00e1ginas web<\/li><li style=\"font-size: 17px;\">Copy UX<\/li><li style=\"font-size: 17px;\">Posts para redes sociales<\/li><li style=\"font-size: 17px;\">Newsletters<\/li><li style=\"font-size: 17px;\">Email marketing<\/li><li style=\"font-size: 17px;\">Art\u00edculos<\/li><li style=\"font-size: 17px;\">Entradas de blog<\/li><li style=\"font-size: 17px;\">Contenidos de SEO<\/li><li style=\"font-size: 17px;\">Presentaciones corporativas<\/li><li style=\"font-size: 17px;\">Comunicaciones internas<\/li><li style=\"font-size: 17px;\">Informes<\/li><li style=\"font-size: 17px;\">Folletos<\/li><li style=\"font-size: 17px;\">Textos creativos<\/li><li style=\"font-size: 17px;\">Declaraciones de artista<\/li><li style=\"font-size: 17px;\">Paneles y etiquetas para exposiciones<\/li><\/ul><\/li><\/ul><div style=\"color: #1e1810;\">*<span style=\"font-weight: bold;\">Se incluye la adaptaci\u00f3n cultural<\/span>\u00a0(localizaci\u00f3n\/transcreaci\u00f3n) para asegurar que tu mensaje resuena bien con tu p\u00fablico<\/div>\t\t\t\t\t\t\t\t<\/div>\n\t\t\t\t<\/div>\n\t\t\t\t\t<\/div>\n\t\t<\/div>\n\t\t\t\t\t<\/div>\n\t\t<\/section>\n\t\t\t\t<section class=\"elementor-section elementor-top-section elementor-element elementor-element-f4006d1 elementor-section-boxed elementor-section-height-default elementor-section-height-default\" data-id=\"f4006d1\" data-element_type=\"section\">\n\t\t\t\t\t\t<div class=\"elementor-container elementor-column-gap-default\">\n\t\t\t\t\t<div class=\"elementor-column elementor-col-50 elementor-top-column elementor-element elementor-element-1852d0b\" data-id=\"1852d0b\" data-element_type=\"column\">\n\t\t\t<div class=\"elementor-widget-wrap elementor-element-populated\">\n\t\t\t\t\t\t<div class=\"elementor-element elementor-element-3ca2b5a elementor-widget elementor-widget-image\" data-id=\"3ca2b5a\" data-element_type=\"widget\" data-widget_type=\"image.default\">\n\t\t\t\t<div class=\"elementor-widget-container\">\n\t\t\t\t\t\t\t\t\t\t\t\t\t\t\t<img decoding=\"async\" width=\"640\" height=\"427\" src=\"https:\/\/sunnywriting.com\/wp-content\/uploads\/2025\/03\/frida-lannerstrom-c1fFv08N7qE-unsplash.jpg\" class=\"attachment-large size-large wp-image-2545\" alt=\"\" srcset=\"https:\/\/sunnywriting.com\/wp-content\/uploads\/2025\/03\/frida-lannerstrom-c1fFv08N7qE-unsplash.jpg 640w, https:\/\/sunnywriting.com\/wp-content\/uploads\/2025\/03\/frida-lannerstrom-c1fFv08N7qE-unsplash-300x200.jpg 300w, https:\/\/sunnywriting.com\/wp-content\/uploads\/2025\/03\/frida-lannerstrom-c1fFv08N7qE-unsplash-18x12.jpg 18w\" sizes=\"(max-width: 640px) 100vw, 640px\" \/>\t\t\t\t\t\t\t\t\t\t\t\t\t\t\t<\/div>\n\t\t\t\t<\/div>\n\t\t\t\t\t<\/div>\n\t\t<\/div>\n\t\t\t\t<div class=\"elementor-column elementor-col-50 elementor-top-column elementor-element elementor-element-8ab8d75\" data-id=\"8ab8d75\" data-element_type=\"column\">\n\t\t\t<div class=\"elementor-widget-wrap elementor-element-populated\">\n\t\t\t\t\t\t<div class=\"elementor-element elementor-element-780bc99 elementor-widget elementor-widget-heading\" data-id=\"780bc99\" data-element_type=\"widget\" data-widget_type=\"heading.default\">\n\t\t\t\t<div class=\"elementor-widget-container\">\n\t\t\t\t\t<h3 class=\"elementor-heading-title elementor-size-default\">Correcci\u00f3n y edici\u00f3n.<\/h3>\t\t\t\t<\/div>\n\t\t\t\t<\/div>\n\t\t\t\t<div class=\"elementor-element elementor-element-722a6f0 elementor-widget elementor-widget-text-editor\" data-id=\"722a6f0\" data-element_type=\"widget\" data-widget_type=\"text-editor.default\">\n\t\t\t\t<div class=\"elementor-widget-container\">\n\t\t\t\t\t\t\t\t\t<ul><li>Gram\u00e1tica, ortograf\u00eda, puntuaci\u00f3n<\/li><li style=\"font-size: 17px;\">Estructura, claridad, estilo, flow<\/li><\/ul>\t\t\t\t\t\t\t\t<\/div>\n\t\t\t\t<\/div>\n\t\t\t\t\t<\/div>\n\t\t<\/div>\n\t\t\t\t\t<\/div>\n\t\t<\/section>\n\t\t\t\t<section class=\"elementor-section elementor-top-section elementor-element elementor-element-ea64682 elementor-section-content-middle elementor-section-boxed elementor-section-height-default elementor-section-height-default\" data-id=\"ea64682\" data-element_type=\"section\" data-settings=\"{&quot;background_background&quot;:&quot;classic&quot;}\">\n\t\t\t\t\t\t<div class=\"elementor-container elementor-column-gap-default\">\n\t\t\t\t\t<div class=\"elementor-column elementor-col-100 elementor-top-column elementor-element elementor-element-3cb18be\" data-id=\"3cb18be\" data-element_type=\"column\">\n\t\t\t<div class=\"elementor-widget-wrap elementor-element-populated\">\n\t\t\t\t\t\t<div class=\"elementor-element elementor-element-d2ec9a0 elementor-widget elementor-widget-heading\" data-id=\"d2ec9a0\" data-element_type=\"widget\" data-widget_type=\"heading.default\">\n\t\t\t\t<div class=\"elementor-widget-container\">\n\t\t\t\t\t<h2 class=\"elementor-heading-title elementor-size-default\">Nuevas ideas<\/h2>\t\t\t\t<\/div>\n\t\t\t\t<\/div>\n\t\t\t\t<div class=\"elementor-element elementor-element-0cc9dbc elementor-widget elementor-widget-text-editor\" data-id=\"0cc9dbc\" data-element_type=\"widget\" data-widget_type=\"text-editor.default\">\n\t\t\t\t<div class=\"elementor-widget-container\">\n\t\t\t\t\t\t\t\t\t<p>\u00bfBuscas otro servicio, o no sabes qu\u00e9 necesitas?<\/p>\t\t\t\t\t\t\t\t<\/div>\n\t\t\t\t<\/div>\n\t\t\t\t<div class=\"elementor-element elementor-element-5cf30d0 elementor-align-center elementor-widget elementor-widget-button\" data-id=\"5cf30d0\" data-element_type=\"widget\" data-widget_type=\"button.default\">\n\t\t\t\t<div class=\"elementor-widget-container\">\n\t\t\t\t\t\t\t\t\t<div class=\"elementor-button-wrapper\">\n\t\t\t\t\t<a class=\"elementor-button elementor-button-link elementor-size-sm\" href=\"\/es\/contact\/\">\n\t\t\t\t\t\t<span class=\"elementor-button-content-wrapper\">\n\t\t\t\t\t\t\t\t\t<span class=\"elementor-button-text\">Contactar<\/span>\n\t\t\t\t\t<\/span>\n\t\t\t\t\t<\/a>\n\t\t\t\t<\/div>\n\t\t\t\t\t\t\t\t<\/div>\n\t\t\t\t<\/div>\n\t\t\t\t\t<\/div>\n\t\t<\/div>\n\t\t\t\t\t<\/div>\n\t\t<\/section>\n\t\t\t\t<\/div>","protected":false},"excerpt":{"rendered":"<p>Services Creative copywriting andcontent writing. Creative copy Digital marketing content Websites UX copy Social media posts Newsletters Email marketing Articles Blog posts SEO content Business presentations Internal communications Reports Brochures Creative texts Artist statements Exhibition wall panels and labels Spanish to English translation. Creative copy Digital marketing content Websites UX copy Social media posts Newsletters &hellip;<\/p>\n<p class=\"read-more\"> <a class=\"\" href=\"https:\/\/sunnywriting.com\/es\/services\/\"> <span class=\"screen-reader-text\">Servicios<\/span> Leer m\u00e1s &raquo;<\/a><\/p>","protected":false},"author":1,"featured_media":0,"parent":0,"menu_order":0,"comment_status":"closed","ping_status":"closed","template":"","meta":{"site-sidebar-layout":"no-sidebar","site-content-layout":"page-builder","ast-global-header-display":"","ast-main-header-display":"","ast-hfb-above-header-display":"","ast-hfb-below-header-display":"","ast-hfb-mobile-header-display":"","site-post-title":"disabled","ast-breadcrumbs-content":"","ast-featured-img":"disabled","footer-sml-layout":"","theme-transparent-header-meta":"enabled","adv-header-id-meta":"","stick-header-meta":"","header-above-stick-meta":"","header-main-stick-meta":"","header-below-stick-meta":"","footnotes":""},"class_list":["post-15","page","type-page","status-publish","hentry"],"yoast_head":"<!-- This site is optimized with the Yoast SEO plugin v27.5 - https:\/\/yoast.com\/product\/yoast-seo-wordpress\/ -->\n<title>Services - Sunny Writing<\/title>\n<meta name=\"robots\" content=\"index, follow, max-snippet:-1, max-image-preview:large, max-video-preview:-1\" \/>\n<link rel=\"canonical\" href=\"https:\/\/sunnywriting.com\/es\/services\/\" \/>\n<meta property=\"og:locale\" content=\"es_ES\" \/>\n<meta property=\"og:type\" content=\"article\" \/>\n<meta property=\"og:title\" content=\"Services - Sunny Writing\" \/>\n<meta property=\"og:description\" content=\"Services Creative copywriting andcontent writing. Creative copy Digital marketing content Websites UX copy Social media posts Newsletters Email marketing Articles Blog posts SEO content Business presentations Internal communications Reports Brochures Creative texts Artist statements Exhibition wall panels and labels Spanish to English translation. Creative copy Digital marketing content Websites UX copy Social media posts Newsletters &hellip; Services Leer m\u00e1s &raquo;\" \/>\n<meta property=\"og:url\" content=\"https:\/\/sunnywriting.com\/es\/services\/\" \/>\n<meta property=\"og:site_name\" content=\"Sunny Writing\" \/>\n<meta property=\"article:modified_time\" content=\"2025-03-14T14:10:27+00:00\" \/>\n<meta property=\"og:image\" content=\"https:\/\/sunnywriting.com\/wp-content\/uploads\/2023\/03\/arno-senoner-daBUt7_C_q4-unsplash.jpg\" \/>\n\t<meta property=\"og:image:width\" content=\"1920\" \/>\n\t<meta property=\"og:image:height\" content=\"2560\" \/>\n\t<meta property=\"og:image:type\" content=\"image\/jpeg\" \/>\n<meta name=\"twitter:card\" content=\"summary_large_image\" \/>\n<meta name=\"twitter:label1\" content=\"Tiempo de lectura\" \/>\n\t<meta name=\"twitter:data1\" content=\"2 minutos\" \/>\n<script type=\"application\/ld+json\" class=\"yoast-schema-graph\">{\"@context\":\"https:\\\/\\\/schema.org\",\"@graph\":[{\"@type\":\"WebPage\",\"@id\":\"https:\\\/\\\/sunnywriting.com\\\/services\\\/\",\"url\":\"https:\\\/\\\/sunnywriting.com\\\/services\\\/\",\"name\":\"Services - Sunny Writing\",\"isPartOf\":{\"@id\":\"https:\\\/\\\/sunnywriting.com\\\/#website\"},\"primaryImageOfPage\":{\"@id\":\"https:\\\/\\\/sunnywriting.com\\\/services\\\/#primaryimage\"},\"image\":{\"@id\":\"https:\\\/\\\/sunnywriting.com\\\/services\\\/#primaryimage\"},\"thumbnailUrl\":\"https:\\\/\\\/sunnywriting.com\\\/wp-content\\\/uploads\\\/2023\\\/03\\\/arno-senoner-daBUt7_C_q4-unsplash.jpg\",\"datePublished\":\"2021-11-21T15:14:41+00:00\",\"dateModified\":\"2025-03-14T14:10:27+00:00\",\"breadcrumb\":{\"@id\":\"https:\\\/\\\/sunnywriting.com\\\/services\\\/#breadcrumb\"},\"inLanguage\":\"es\",\"potentialAction\":[{\"@type\":\"ReadAction\",\"target\":[\"https:\\\/\\\/sunnywriting.com\\\/services\\\/\"]}]},{\"@type\":\"ImageObject\",\"inLanguage\":\"es\",\"@id\":\"https:\\\/\\\/sunnywriting.com\\\/services\\\/#primaryimage\",\"url\":\"https:\\\/\\\/sunnywriting.com\\\/wp-content\\\/uploads\\\/2023\\\/03\\\/arno-senoner-daBUt7_C_q4-unsplash.jpg\",\"contentUrl\":\"https:\\\/\\\/sunnywriting.com\\\/wp-content\\\/uploads\\\/2023\\\/03\\\/arno-senoner-daBUt7_C_q4-unsplash.jpg\"},{\"@type\":\"BreadcrumbList\",\"@id\":\"https:\\\/\\\/sunnywriting.com\\\/services\\\/#breadcrumb\",\"itemListElement\":[{\"@type\":\"ListItem\",\"position\":1,\"name\":\"Home\",\"item\":\"https:\\\/\\\/sunnywriting.com\\\/\"},{\"@type\":\"ListItem\",\"position\":2,\"name\":\"Services\"}]},{\"@type\":\"WebSite\",\"@id\":\"https:\\\/\\\/sunnywriting.com\\\/#website\",\"url\":\"https:\\\/\\\/sunnywriting.com\\\/\",\"name\":\"Sunny Writing\",\"description\":\"Translation, Writing, and Editing Services\",\"publisher\":{\"@id\":\"https:\\\/\\\/sunnywriting.com\\\/#organization\"},\"potentialAction\":[{\"@type\":\"SearchAction\",\"target\":{\"@type\":\"EntryPoint\",\"urlTemplate\":\"https:\\\/\\\/sunnywriting.com\\\/?s={search_term_string}\"},\"query-input\":{\"@type\":\"PropertyValueSpecification\",\"valueRequired\":true,\"valueName\":\"search_term_string\"}}],\"inLanguage\":\"es\"},{\"@type\":\"Organization\",\"@id\":\"https:\\\/\\\/sunnywriting.com\\\/#organization\",\"name\":\"Sunny Writing\",\"url\":\"https:\\\/\\\/sunnywriting.com\\\/\",\"logo\":{\"@type\":\"ImageObject\",\"inLanguage\":\"es\",\"@id\":\"https:\\\/\\\/sunnywriting.com\\\/#\\\/schema\\\/logo\\\/image\\\/\",\"url\":\"https:\\\/\\\/sunnywriting.com\\\/wp-content\\\/uploads\\\/2023\\\/03\\\/logo-v3.png\",\"contentUrl\":\"https:\\\/\\\/sunnywriting.com\\\/wp-content\\\/uploads\\\/2023\\\/03\\\/logo-v3.png\",\"width\":600,\"height\":120,\"caption\":\"Sunny Writing\"},\"image\":{\"@id\":\"https:\\\/\\\/sunnywriting.com\\\/#\\\/schema\\\/logo\\\/image\\\/\"},\"sameAs\":[\"https:\\\/\\\/www.linkedin.com\\\/company\\\/91018707\\\/admin\\\/feed\\\/posts\\\/\"]}]}<\/script>\n<!-- \/ Yoast SEO plugin. -->","yoast_head_json":{"title":"Services - Sunny Writing","robots":{"index":"index","follow":"follow","max-snippet":"max-snippet:-1","max-image-preview":"max-image-preview:large","max-video-preview":"max-video-preview:-1"},"canonical":"https:\/\/sunnywriting.com\/es\/services\/","og_locale":"es_ES","og_type":"article","og_title":"Services - Sunny Writing","og_description":"Services Creative copywriting andcontent writing. Creative copy Digital marketing content Websites UX copy Social media posts Newsletters Email marketing Articles Blog posts SEO content Business presentations Internal communications Reports Brochures Creative texts Artist statements Exhibition wall panels and labels Spanish to English translation. Creative copy Digital marketing content Websites UX copy Social media posts Newsletters &hellip; Services Leer m\u00e1s &raquo;","og_url":"https:\/\/sunnywriting.com\/es\/services\/","og_site_name":"Sunny Writing","article_modified_time":"2025-03-14T14:10:27+00:00","og_image":[{"width":1920,"height":2560,"url":"https:\/\/sunnywriting.com\/wp-content\/uploads\/2023\/03\/arno-senoner-daBUt7_C_q4-unsplash.jpg","type":"image\/jpeg"}],"twitter_card":"summary_large_image","twitter_misc":{"Tiempo de lectura":"2 minutos"},"schema":{"@context":"https:\/\/schema.org","@graph":[{"@type":"WebPage","@id":"https:\/\/sunnywriting.com\/services\/","url":"https:\/\/sunnywriting.com\/services\/","name":"Services - Sunny Writing","isPartOf":{"@id":"https:\/\/sunnywriting.com\/#website"},"primaryImageOfPage":{"@id":"https:\/\/sunnywriting.com\/services\/#primaryimage"},"image":{"@id":"https:\/\/sunnywriting.com\/services\/#primaryimage"},"thumbnailUrl":"https:\/\/sunnywriting.com\/wp-content\/uploads\/2023\/03\/arno-senoner-daBUt7_C_q4-unsplash.jpg","datePublished":"2021-11-21T15:14:41+00:00","dateModified":"2025-03-14T14:10:27+00:00","breadcrumb":{"@id":"https:\/\/sunnywriting.com\/services\/#breadcrumb"},"inLanguage":"es","potentialAction":[{"@type":"ReadAction","target":["https:\/\/sunnywriting.com\/services\/"]}]},{"@type":"ImageObject","inLanguage":"es","@id":"https:\/\/sunnywriting.com\/services\/#primaryimage","url":"https:\/\/sunnywriting.com\/wp-content\/uploads\/2023\/03\/arno-senoner-daBUt7_C_q4-unsplash.jpg","contentUrl":"https:\/\/sunnywriting.com\/wp-content\/uploads\/2023\/03\/arno-senoner-daBUt7_C_q4-unsplash.jpg"},{"@type":"BreadcrumbList","@id":"https:\/\/sunnywriting.com\/services\/#breadcrumb","itemListElement":[{"@type":"ListItem","position":1,"name":"Home","item":"https:\/\/sunnywriting.com\/"},{"@type":"ListItem","position":2,"name":"Services"}]},{"@type":"WebSite","@id":"https:\/\/sunnywriting.com\/#website","url":"https:\/\/sunnywriting.com\/","name":"Sunny Writing","description":"Translation, Writing, and Editing Services","publisher":{"@id":"https:\/\/sunnywriting.com\/#organization"},"potentialAction":[{"@type":"SearchAction","target":{"@type":"EntryPoint","urlTemplate":"https:\/\/sunnywriting.com\/?s={search_term_string}"},"query-input":{"@type":"PropertyValueSpecification","valueRequired":true,"valueName":"search_term_string"}}],"inLanguage":"es"},{"@type":"Organization","@id":"https:\/\/sunnywriting.com\/#organization","name":"Sunny Writing","url":"https:\/\/sunnywriting.com\/","logo":{"@type":"ImageObject","inLanguage":"es","@id":"https:\/\/sunnywriting.com\/#\/schema\/logo\/image\/","url":"https:\/\/sunnywriting.com\/wp-content\/uploads\/2023\/03\/logo-v3.png","contentUrl":"https:\/\/sunnywriting.com\/wp-content\/uploads\/2023\/03\/logo-v3.png","width":600,"height":120,"caption":"Sunny Writing"},"image":{"@id":"https:\/\/sunnywriting.com\/#\/schema\/logo\/image\/"},"sameAs":["https:\/\/www.linkedin.com\/company\/91018707\/admin\/feed\/posts\/"]}]}},"_links":{"self":[{"href":"https:\/\/sunnywriting.com\/es\/wp-json\/wp\/v2\/pages\/15","targetHints":{"allow":["GET"]}}],"collection":[{"href":"https:\/\/sunnywriting.com\/es\/wp-json\/wp\/v2\/pages"}],"about":[{"href":"https:\/\/sunnywriting.com\/es\/wp-json\/wp\/v2\/types\/page"}],"author":[{"embeddable":true,"href":"https:\/\/sunnywriting.com\/es\/wp-json\/wp\/v2\/users\/1"}],"replies":[{"embeddable":true,"href":"https:\/\/sunnywriting.com\/es\/wp-json\/wp\/v2\/comments?post=15"}],"version-history":[{"count":175,"href":"https:\/\/sunnywriting.com\/es\/wp-json\/wp\/v2\/pages\/15\/revisions"}],"predecessor-version":[{"id":2548,"href":"https:\/\/sunnywriting.com\/es\/wp-json\/wp\/v2\/pages\/15\/revisions\/2548"}],"wp:attachment":[{"href":"https:\/\/sunnywriting.com\/es\/wp-json\/wp\/v2\/media?parent=15"}],"curies":[{"name":"wp","href":"https:\/\/api.w.org\/{rel}","templated":true}]}}